{"id":191,"date":"2018-08-31T13:10:33","date_gmt":"2018-08-31T10:10:33","guid":{"rendered":"http:\/\/evender.ee\/?page_id=191"},"modified":"2018-08-31T13:10:33","modified_gmt":"2018-08-31T10:10:33","slug":"automatic-transmission-2","status":"publish","type":"page","link":"https:\/\/evender.ee\/en\/automaatmustand-2\/","title":{"rendered":"Automatic coupler"},"content":{"rendered":"<div class=\"video video-fit mb\" style=\"padding-top:56.25%;\"><p><iframe loading=\"lazy\" title=\"Most beautiful drone videos ever filmed 2015 \u2013 Our planet is amazing\" width=\"1020\" height=\"574\" src=\"https:\/\/www.youtube.com\/embed\/AoPiLg8DZ3A?feature=oembed\" frameborder=\"0\" allow=\"accelerometer; autoplay; clipboard-write; encrypted-media; gyroscope; picture-in-picture; web-share\" referrerpolicy=\"strict-origin-when-cross-origin\" allowfullscreen><\/iframe><\/p>\n<\/div>","protected":false},"excerpt":{"rendered":"","protected":false},"author":3,"featured_media":0,"parent":0,"menu_order":0,"comment_status":"closed","ping_status":"closed","template":"","meta":{"footnotes":""},"yoast_head":"<!-- This site is optimized with the Yoast SEO plugin v23.9 - https:\/\/yoast.com\/wordpress\/plugins\/seo\/ -->\n<title>Automaatmustand | Evender<\/title>\n<meta name=\"robots\" content=\"index, follow, max-snippet:-1, max-image-preview:large, max-video-preview:-1\" \/>\n<link rel=\"canonical\" href=\"https:\/\/evender.ee\/en\/automatic-transmission-2\/\" \/>\n<meta property=\"og:locale\" content=\"en_GB\" \/>\n<meta property=\"og:type\" content=\"article\" \/>\n<meta property=\"og:title\" content=\"Automaatmustand | Evender\" \/>\n<meta property=\"og:url\" content=\"https:\/\/evender.ee\/en\/automatic-transmission-2\/\" \/>\n<meta property=\"og:site_name\" content=\"Evender\" \/>\n<meta property=\"article:publisher\" content=\"https:\/\/www.facebook.com\/evendernordic\" \/>\n<meta name=\"twitter:card\" content=\"summary_large_image\" \/>\n<script type=\"application\/ld+json\" class=\"yoast-schema-graph\">{\"@context\":\"https:\/\/schema.org\",\"@graph\":[{\"@type\":\"WebPage\",\"@id\":\"https:\/\/evender.ee\/en\/automaatmustand-2\/\",\"url\":\"https:\/\/evender.ee\/en\/automaatmustand-2\/\",\"name\":\"Automaatmustand | Evender\",\"isPartOf\":{\"@id\":\"https:\/\/evender.ee\/en\/#website\"},\"datePublished\":\"2018-08-31T10:10:33+00:00\",\"dateModified\":\"2018-08-31T10:10:33+00:00\",\"breadcrumb\":{\"@id\":\"https:\/\/evender.ee\/en\/automaatmustand-2\/#breadcrumb\"},\"inLanguage\":\"en-GB\",\"potentialAction\":[{\"@type\":\"ReadAction\",\"target\":[\"https:\/\/evender.ee\/en\/automaatmustand-2\/\"]}]},{\"@type\":\"BreadcrumbList\",\"@id\":\"https:\/\/evender.ee\/en\/automaatmustand-2\/#breadcrumb\",\"itemListElement\":[{\"@type\":\"ListItem\",\"position\":1,\"name\":\"Home\",\"item\":\"https:\/\/evender.ee\/\"},{\"@type\":\"ListItem\",\"position\":2,\"name\":\"Automaatmustand\"}]},{\"@type\":\"WebSite\",\"@id\":\"https:\/\/evender.ee\/en\/#website\",\"url\":\"https:\/\/evender.ee\/en\/\",\"name\":\"Evender\",\"description\":\"Evender on usaldusv\u00e4\u00e4rne partner, kui otsid m\u00f6\u00f6blifurnituuri, m\u00f6\u00f6blitarvikuid, k\u00f6\u00f6gifurnituuri v\u00f5i garderoobitarvikuid. Meie e-poest ja m\u00fc\u00fcgisaalist leiad k\u00f5rgekvaliteedilised furnituurilahendused nii m\u00f6\u00f6blitootjatele, eritellimusm\u00f6\u00f6bli valmistajatele kui ka eraklientidele\",\"publisher\":{\"@id\":\"https:\/\/evender.ee\/en\/#organization\"},\"alternateName\":\"M\u00f6\u00f6blifurnituur\",\"potentialAction\":[{\"@type\":\"SearchAction\",\"target\":{\"@type\":\"EntryPoint\",\"urlTemplate\":\"https:\/\/evender.ee\/en\/?s={search_term_string}\"},\"query-input\":{\"@type\":\"PropertyValueSpecification\",\"valueRequired\":true,\"valueName\":\"search_term_string\"}}],\"inLanguage\":\"en-GB\"},{\"@type\":\"Organization\",\"@id\":\"https:\/\/evender.ee\/en\/#organization\",\"name\":\"Evender\",\"alternateName\":\"Evender Nordic\",\"url\":\"https:\/\/evender.ee\/en\/\",\"logo\":{\"@type\":\"ImageObject\",\"inLanguage\":\"en-GB\",\"@id\":\"https:\/\/evender.ee\/en\/#\/schema\/logo\/image\/\",\"url\":\"https:\/\/evender.ee\/wp-content\/uploads\/2025\/11\/LOGO-RUUT.png\",\"contentUrl\":\"https:\/\/evender.ee\/wp-content\/uploads\/2025\/11\/LOGO-RUUT.png\",\"width\":250,\"height\":250,\"caption\":\"Evender\"},\"image\":{\"@id\":\"https:\/\/evender.ee\/en\/#\/schema\/logo\/image\/\"},\"sameAs\":[\"https:\/\/www.facebook.com\/evendernordic\"]}]}<\/script>\n<!-- \/ Yoast SEO plugin. -->","yoast_head_json":{"title":"Automatic printing | Evender","robots":{"index":"index","follow":"follow","max-snippet":"max-snippet:-1","max-image-preview":"max-image-preview:large","max-video-preview":"max-video-preview:-1"},"canonical":"https:\/\/evender.ee\/en\/automatic-transmission-2\/","og_locale":"en_GB","og_type":"article","og_title":"Automaatmustand | Evender","og_url":"https:\/\/evender.ee\/en\/automatic-transmission-2\/","og_site_name":"Evender","article_publisher":"https:\/\/www.facebook.com\/evendernordic","twitter_card":"summary_large_image","schema":{"@context":"https:\/\/schema.org","@graph":[{"@type":"WebPage","@id":"https:\/\/evender.ee\/en\/automaatmustand-2\/","url":"https:\/\/evender.ee\/en\/automaatmustand-2\/","name":"Automatic printing | Evender","isPartOf":{"@id":"https:\/\/evender.ee\/en\/#website"},"datePublished":"2018-08-31T10:10:33+00:00","dateModified":"2018-08-31T10:10:33+00:00","breadcrumb":{"@id":"https:\/\/evender.ee\/en\/automaatmustand-2\/#breadcrumb"},"inLanguage":"en-GB","potentialAction":[{"@type":"ReadAction","target":["https:\/\/evender.ee\/en\/automaatmustand-2\/"]}]},{"@type":"BreadcrumbList","@id":"https:\/\/evender.ee\/en\/automaatmustand-2\/#breadcrumb","itemListElement":[{"@type":"ListItem","position":1,"name":"Home","item":"https:\/\/evender.ee\/"},{"@type":"ListItem","position":2,"name":"Automaatmustand"}]},{"@type":"WebSite","@id":"https:\/\/evender.ee\/en\/#website","url":"https:\/\/evender.ee\/en\/","name":"Evender","description":"Evender is your reliable partner when you are looking for furniture veneer, furniture accessories, kitchen veneer or wardrobe accessories. In our e-shop and showroom you will find high quality veneer solutions for furniture manufacturers, custom furniture makers and private customers.","publisher":{"@id":"https:\/\/evender.ee\/en\/#organization"},"alternateName":"M\u00f6\u00f6blifurnituur","potentialAction":[{"@type":"SearchAction","target":{"@type":"EntryPoint","urlTemplate":"https:\/\/evender.ee\/en\/?s={search_term_string}"},"query-input":{"@type":"PropertyValueSpecification","valueRequired":true,"valueName":"search_term_string"}}],"inLanguage":"en-GB"},{"@type":"Organization","@id":"https:\/\/evender.ee\/en\/#organization","name":"Evender","alternateName":"Evender Nordic","url":"https:\/\/evender.ee\/en\/","logo":{"@type":"ImageObject","inLanguage":"en-GB","@id":"https:\/\/evender.ee\/en\/#\/schema\/logo\/image\/","url":"https:\/\/evender.ee\/wp-content\/uploads\/2025\/11\/LOGO-RUUT.png","contentUrl":"https:\/\/evender.ee\/wp-content\/uploads\/2025\/11\/LOGO-RUUT.png","width":250,"height":250,"caption":"Evender"},"image":{"@id":"https:\/\/evender.ee\/en\/#\/schema\/logo\/image\/"},"sameAs":["https:\/\/www.facebook.com\/evendernordic"]}]}},"_links":{"self":[{"href":"https:\/\/evender.ee\/en\/wp-json\/wp\/v2\/pages\/191"}],"collection":[{"href":"https:\/\/evender.ee\/en\/wp-json\/wp\/v2\/pages"}],"about":[{"href":"https:\/\/evender.ee\/en\/wp-json\/wp\/v2\/types\/page"}],"author":[{"embeddable":true,"href":"https:\/\/evender.ee\/en\/wp-json\/wp\/v2\/users\/3"}],"replies":[{"embeddable":true,"href":"https:\/\/evender.ee\/en\/wp-json\/wp\/v2\/comments?post=191"}],"version-history":[{"count":1,"href":"https:\/\/evender.ee\/en\/wp-json\/wp\/v2\/pages\/191\/revisions"}],"predecessor-version":[{"id":192,"href":"https:\/\/evender.ee\/en\/wp-json\/wp\/v2\/pages\/191\/revisions\/192"}],"wp:attachment":[{"href":"https:\/\/evender.ee\/en\/wp-json\/wp\/v2\/media?parent=191"}],"curies":[{"name":"wp","href":"https:\/\/api.w.org\/{rel}","templated":true}]}}