{"id":21,"date":"2018-08-08T14:03:54","date_gmt":"2018-08-08T11:03:54","guid":{"rendered":"http:\/\/evender.ee\/\/?page_id=21"},"modified":"2026-01-29T10:38:13","modified_gmt":"2026-01-29T08:38:13","slug":"veebipoe-tingimused","status":"publish","type":"page","link":"https:\/\/evender.ee\/en\/veebipoe-tingimused\/","title":{"rendered":"Veebipoe tingimused"},"content":{"rendered":"<p>The online shop evender.ee (hereinafter referred to as the Online Shop) is owned by Evender Nordic O\u00dc (registration number 11035912), located at Tuleviku tee 2, Peetri village, Rae municipality, Harju County 75312.<\/p>\n<h4><span style=\"color: #000000;\"><strong>Validity of sales contract, goods and price information<\/strong><\/span><\/h4>\n<p>The terms and conditions of sale apply when purchasing goods from the online shop. The prices of products sold in the online shop are indicated next to the products. VAT and the cost of delivery of the goods are added to the price. All prices of goods sold in the online shop are in euros.<\/p>\n<p>The cost of delivering the goods depends on the buyer's location and the delivery method. The delivery cost will be displayed to the buyer when placing the order. Information about the goods is provided in the Online Store directly with the goods.<\/p>\n<p>The online shop may change the Terms and conditions and prices at any time. Changes to the Terms and conditions will be published on the website evender.ee and will come into effect immediately after publication. By using the e-shop and placing an order through it, the Buyer confirms that they have agreed to the Terms and conditions.<\/p>\n<h4><span style=\"color: #000000;\"><strong>Placing an order<\/strong><\/span><\/h4>\n<p>To order goods, you need to add the desired products to your shopping basket. To complete the order, you need to fill in the required data fields and select a suitable delivery method for the products.<\/p>\n<p>The amount due will then be displayed on the screen, which can be paid by bank transfer (via invoice). Upon confirming the order, the buyer will pay 100% of the product price.<\/p>\n<p>The agreement enters into force upon receipt of the amount due in the Online Store's current account. If the ordered goods cannot be delivered due to the goods being out of stock or for any other reason, the buyer shall be notified as soon as possible and the paid amount (including the costs of delivering the goods) shall be refunded without delay, but no later than 14 days from the date of the notification.<\/p>\n<h4><span style=\"color: #000000;\"><strong>Delivery<\/strong><\/span><\/h4>\n<p>Parcels are sent to the following countries: Estonia.<\/p>\n<p>The online shop delivers the Product via parcel locker service. In addition, it is possible to collect the Product yourself at Tuleviku tee 2, Peetri k\u00fcla, Rae vald, 75312 Harjumaa. It is necessary to arrange an appointment in advance for self-collection.<\/p>\n<p>The buyer bears the shipping costs, and this pricing information is displayed next to each shipping method. Domestic shipments within Estonia generally reach the destination specified by the buyer within 3-7 working days from the conclusion of the sales contract. In exceptional cases, the seller has the right to deliver the goods within up to 45 calendar days.<\/p>\n<p>The online shop is not responsible for delays or problems that arise if the delay or problem is caused by inaccuracies in the data entered by the Buyer when placing the order.<\/p>\n<h4><span style=\"color: #000000;\"><strong>Right of withdrawal<\/strong><\/span><\/h4>\n<p>After receiving the order, the buyer has the right to withdraw from the contract concluded in the online shop within 14 days. To exercise the 14-day return right, the ordered goods must not be used in any way other than is necessary to ascertain the nature, characteristics and functioning of the goods, in a manner as would be allowed for testing the goods in a physical shop.<\/p>\n<p>The right of withdrawal does not apply if the buyer is a legal entity<\/p>\n<p>If the goods have been used for purposes other than those necessary to ascertain the nature, characteristics and functioning of the goods, or if they show signs of use or wear and tear, the Online Shop is entitled to reduce the refund amount in accordance with the decrease in the value of the goods.<\/p>\n<p>To return goods, you must submit a withdrawal from purchase form and send it to the email address evender@evender.ee no later than 14 days after receiving the goods.<\/p>\n<p>The cost of returning the goods shall be borne by the buyer, unless the reason for the return is that the item being returned does not correspond to what was ordered (e.g. a wrong or defective item). The buyer must return the goods within 14 days of submitting the application or provide proof that they have handed over the goods to the carrier within the aforementioned period.<\/p>\n<p>The online store shall reimburse the buyer without undue delay, and in any event not later than 14 days from the day on which it is informed of the buyer's decision to withdraw from the contract, all payments received from the buyer under the contract.<\/p>\n<p>The online shop may refuse to make refunds until it has received the item that is the subject of the contract back, or until the buyer has provided proof that they have sent the item back, whichever occurs first. If the buyer has expressly chosen a method of delivery other than the cheapest standard method of delivery offered by the online shop, the online shop does not have to refund the consumer the cost exceeding the cost associated with the standard method of delivery.<\/p>\n<p>The online store has the right to withdraw from the sales transaction and demand the return of the goods from the buyer if the price of the goods in the online store has been stated significantly below the market price of the goods due to an error.<\/p>\n<h4><span style=\"color: #000000;\"><strong>Right to make a claim<\/strong><\/span><\/h4>\n<p>The online shop is responsible to the buyer for non-compliance of the goods sold to the buyer with the terms of the contract or for a defect that already existed at the time of handover of the item, and which becomes apparent within two years from the handover of the goods to the buyer.<\/p>\n<p>For the first six months after the item is handed over, it is presumed that the defect existed at the time of handover. It is the Online Shop's responsibility to refute this presumption. If a defect appears, the Buyer has the right to contact the Online Shop within two months by sending an email to evender@evender.ee or by calling +372 67 15 746.<\/p>\n<p>The online shop is not responsible for defects that arise after the goods have been handed over to the buyer. If goods purchased from the online shop have defects for which the online shop is responsible, the online shop shall repair or replace the defective goods.<\/p>\n<p>Where the goods cannot be repaired or replaced, the Online Shop shall refund the buyer all fees incurred under the sales contract. The Online Shop shall respond to the consumer's complaint in writing or in a form reproducible in writing within 15 days.<\/p>\n<h4><span style=\"color: #000000;\"><strong>Direct marketing and personal data processing<\/strong><\/span><\/h4>\n<p>The buyer gives the Online Shop consent to process their personal data.<\/p>\n<p>The online shop uses the personal data entered by the buyer (including name, phone number, address, email address, bank details) solely for processing the order and sending the goods to the buyer. The online shop transmits personal data to companies providing transport services for the purpose of delivering the goods.<\/p>\n<p>The online shop sends newsletters and offers to the buyer's email address only if the buyer has expressed their wish by entering their email address on the website and has informed of their wish to receive direct marketing messages.<\/p>\n<p>Customers can unsubscribe from email offers and newsletters at any time by notifying us via email or by following the instructions provided in the email containing the offers.<\/p>\n<h4><span style=\"color: #000000;\"><strong>Responsibility and force majeure<\/strong><\/span><\/h4>\n<p>The parties shall be released from performing obligations arising from the contract and related thereto, either partially or in full, if prevented by force majeure, provided that the parties are obliged to take all measures to prevent damage to the other party and to ensure the performance of the contract to the greatest extent possible. The occurrence of force majeure must be proven by the party wishing to refer to the said circumstances as a basis for being released from statutory and\/or contractual liability for non-performance or improper performance of contractual obligations. Force majeure, within the meaning of the contract, shall not include a change in the party's economic situation, bad weather conditions, price increases, holidays, bankruptcy, or a warning of bankruptcy or the securing of a claim.<\/p>\n<p>The online shop's liability is limited to the cost of the product.<\/p>\n<p>Links leading from the online shop to other websites are not under the control of the online shop, and the online shop shall not be liable for any damages that may arise from or in connection with the use of such links.<\/p>\n<h4><span style=\"color: #000000;\"><strong>Dispute resolution<\/strong><\/span><\/h4>\n<p>If the buyer has complaints regarding the Online Shop, they must be sent to the email address evender@evender.ee or by calling the telephone number: 67 15 746.<\/p>\n<p>If the buyer and the Online Shop cannot resolve a dispute by agreement, the buyer can turn to the Consumer Disputes Committee. The terms and conditions of the procedure can be found and an application can be submitted\u00a0<a href=\"https:\/\/komisjon.ee\/et\">Here<\/a>. The Consumer Disputes Committee has the authority to resolve disputes arising from contracts concluded between the buyer and the Online Shop. The examination of the buyer's complaint by the committee is free of charge. The buyer may turn to the European Union's online dispute resolution platform. <a href=\"https:\/\/ec.europa.eu\/consumers\/odr\/\">Poole<\/a>.<\/p>","protected":false},"excerpt":{"rendered":"<p>Veebipoe evender.ee (edaspidi Veebipood) omanik on Evender Nordic O\u00dc (registrikood 11035912), asukohaga Tuleviku tee 2, Peetri alevik, Rae vald Harju maakond 75312. M\u00fc\u00fcgilepingu kehtivus, kauba- ja hinnainfo M\u00fc\u00fcgitingimused kehtivad Veebipoest kaupade ostmisel. Veebipoes m\u00fc\u00fcdavate toodete hinnad on m\u00e4rgitud toodete juurde. Hinnale lisandub k\u00e4ibemaks ja tasu kauba ka\u0308ttetoimetamise eest. Ko\u0303ik veebipoes mu\u0308u\u0308davate kaupade hinnad on eurodes. [&#8230;]\n","protected":false},"author":1,"featured_media":0,"parent":0,"menu_order":0,"comment_status":"closed","ping_status":"closed","template":"page-blank-title-center.php","meta":{"footnotes":""},"yoast_head":"<!-- This site is optimized with the Yoast SEO plugin v23.9 - https:\/\/yoast.com\/wordpress\/plugins\/seo\/ -->\n<title>Veebipoe tingimused | Evender<\/title>\n<meta name=\"description\" content=\"Veebipoe tingimused. M\u00fc\u00fcgitingimused kehtivad Veebipoest kaupade ostmisel. Veebipoes m\u00fc\u00fcdavate toodete hinnad on m\u00e4rgitud toodete juurde.\" \/>\n<meta name=\"robots\" content=\"index, follow, max-snippet:-1, max-image-preview:large, max-video-preview:-1\" \/>\n<link rel=\"canonical\" href=\"https:\/\/evender.ee\/en\/veebipoe-tingimused\/\" \/>\n<meta property=\"og:locale\" content=\"en_GB\" \/>\n<meta property=\"og:type\" content=\"article\" \/>\n<meta property=\"og:title\" content=\"Veebipoe tingimused | Evender\" \/>\n<meta property=\"og:description\" content=\"Veebipoe tingimused. M\u00fc\u00fcgitingimused kehtivad Veebipoest kaupade ostmisel. Veebipoes m\u00fc\u00fcdavate toodete hinnad on m\u00e4rgitud toodete juurde.\" \/>\n<meta property=\"og:url\" content=\"https:\/\/evender.ee\/en\/veebipoe-tingimused\/\" \/>\n<meta property=\"og:site_name\" content=\"Evender\" \/>\n<meta property=\"article:publisher\" content=\"https:\/\/www.facebook.com\/evendernordic\" \/>\n<meta property=\"article:modified_time\" content=\"2026-01-29T08:38:13+00:00\" \/>\n<meta name=\"twitter:card\" content=\"summary_large_image\" \/>\n<meta name=\"twitter:label1\" content=\"Est. reading time\" \/>\n\t<meta name=\"twitter:data1\" content=\"6 minutes\" \/>\n<script type=\"application\/ld+json\" class=\"yoast-schema-graph\">{\"@context\":\"https:\/\/schema.org\",\"@graph\":[{\"@type\":\"WebPage\",\"@id\":\"https:\/\/evender.ee\/en\/veebipoe-tingimused\/\",\"url\":\"https:\/\/evender.ee\/en\/veebipoe-tingimused\/\",\"name\":\"Veebipoe tingimused | Evender\",\"isPartOf\":{\"@id\":\"https:\/\/evender.ee\/#website\"},\"datePublished\":\"2018-08-08T11:03:54+00:00\",\"dateModified\":\"2026-01-29T08:38:13+00:00\",\"description\":\"Veebipoe tingimused. M\u00fc\u00fcgitingimused kehtivad Veebipoest kaupade ostmisel. Veebipoes m\u00fc\u00fcdavate toodete hinnad on m\u00e4rgitud toodete juurde.\",\"breadcrumb\":{\"@id\":\"https:\/\/evender.ee\/en\/veebipoe-tingimused\/#breadcrumb\"},\"inLanguage\":\"en-GB\",\"potentialAction\":[{\"@type\":\"ReadAction\",\"target\":[\"https:\/\/evender.ee\/en\/veebipoe-tingimused\/\"]}]},{\"@type\":\"BreadcrumbList\",\"@id\":\"https:\/\/evender.ee\/en\/veebipoe-tingimused\/#breadcrumb\",\"itemListElement\":[{\"@type\":\"ListItem\",\"position\":1,\"name\":\"Home\",\"item\":\"https:\/\/evender.ee\/\"},{\"@type\":\"ListItem\",\"position\":2,\"name\":\"Veebipoe tingimused\"}]},{\"@type\":\"WebSite\",\"@id\":\"https:\/\/evender.ee\/#website\",\"url\":\"https:\/\/evender.ee\/\",\"name\":\"Evender\",\"description\":\"Evender on usaldusv\u00e4\u00e4rne partner, kui otsid m\u00f6\u00f6blifurnituuri, m\u00f6\u00f6blitarvikuid, k\u00f6\u00f6gifurnituuri v\u00f5i garderoobitarvikuid. Meie e-poest ja m\u00fc\u00fcgisaalist leiad k\u00f5rgekvaliteedilised furnituurilahendused nii m\u00f6\u00f6blitootjatele, eritellimusm\u00f6\u00f6bli valmistajatele kui ka eraklientidele\",\"publisher\":{\"@id\":\"https:\/\/evender.ee\/#organization\"},\"alternateName\":\"M\u00f6\u00f6blifurnituur\",\"potentialAction\":[{\"@type\":\"SearchAction\",\"target\":{\"@type\":\"EntryPoint\",\"urlTemplate\":\"https:\/\/evender.ee\/?s={search_term_string}\"},\"query-input\":{\"@type\":\"PropertyValueSpecification\",\"valueRequired\":true,\"valueName\":\"search_term_string\"}}],\"inLanguage\":\"en-GB\"},{\"@type\":\"Organization\",\"@id\":\"https:\/\/evender.ee\/#organization\",\"name\":\"Evender\",\"alternateName\":\"Evender Nordic\",\"url\":\"https:\/\/evender.ee\/\",\"logo\":{\"@type\":\"ImageObject\",\"inLanguage\":\"en-GB\",\"@id\":\"https:\/\/evender.ee\/#\/schema\/logo\/image\/\",\"url\":\"https:\/\/evender.ee\/wp-content\/uploads\/2025\/11\/LOGO-RUUT.png\",\"contentUrl\":\"https:\/\/evender.ee\/wp-content\/uploads\/2025\/11\/LOGO-RUUT.png\",\"width\":250,\"height\":250,\"caption\":\"Evender\"},\"image\":{\"@id\":\"https:\/\/evender.ee\/#\/schema\/logo\/image\/\"},\"sameAs\":[\"https:\/\/www.facebook.com\/evendernordic\"]}]}<\/script>\n<!-- \/ Yoast SEO plugin. -->","yoast_head_json":{"title":"Veebipoe tingimused | Evender","description":"Veebipoe tingimused. M\u00fc\u00fcgitingimused kehtivad Veebipoest kaupade ostmisel. Veebipoes m\u00fc\u00fcdavate toodete hinnad on m\u00e4rgitud toodete juurde.","robots":{"index":"index","follow":"follow","max-snippet":"max-snippet:-1","max-image-preview":"max-image-preview:large","max-video-preview":"max-video-preview:-1"},"canonical":"https:\/\/evender.ee\/en\/veebipoe-tingimused\/","og_locale":"en_GB","og_type":"article","og_title":"Veebipoe tingimused | Evender","og_description":"Veebipoe tingimused. M\u00fc\u00fcgitingimused kehtivad Veebipoest kaupade ostmisel. Veebipoes m\u00fc\u00fcdavate toodete hinnad on m\u00e4rgitud toodete juurde.","og_url":"https:\/\/evender.ee\/en\/veebipoe-tingimused\/","og_site_name":"Evender","article_publisher":"https:\/\/www.facebook.com\/evendernordic","article_modified_time":"2026-01-29T08:38:13+00:00","twitter_card":"summary_large_image","twitter_misc":{"Est. reading time":"6 minutes"},"schema":{"@context":"https:\/\/schema.org","@graph":[{"@type":"WebPage","@id":"https:\/\/evender.ee\/en\/veebipoe-tingimused\/","url":"https:\/\/evender.ee\/en\/veebipoe-tingimused\/","name":"Veebipoe tingimused | Evender","isPartOf":{"@id":"https:\/\/evender.ee\/#website"},"datePublished":"2018-08-08T11:03:54+00:00","dateModified":"2026-01-29T08:38:13+00:00","description":"Veebipoe tingimused. M\u00fc\u00fcgitingimused kehtivad Veebipoest kaupade ostmisel. Veebipoes m\u00fc\u00fcdavate toodete hinnad on m\u00e4rgitud toodete juurde.","breadcrumb":{"@id":"https:\/\/evender.ee\/en\/veebipoe-tingimused\/#breadcrumb"},"inLanguage":"en-GB","potentialAction":[{"@type":"ReadAction","target":["https:\/\/evender.ee\/en\/veebipoe-tingimused\/"]}]},{"@type":"BreadcrumbList","@id":"https:\/\/evender.ee\/en\/veebipoe-tingimused\/#breadcrumb","itemListElement":[{"@type":"ListItem","position":1,"name":"Home","item":"https:\/\/evender.ee\/"},{"@type":"ListItem","position":2,"name":"Veebipoe tingimused"}]},{"@type":"WebSite","@id":"https:\/\/evender.ee\/#website","url":"https:\/\/evender.ee\/","name":"Evender","description":"Evender is your reliable partner when you are looking for furniture veneer, furniture accessories, kitchen veneer or wardrobe accessories. In our e-shop and showroom you will find high quality veneer solutions for furniture manufacturers, custom furniture makers and private customers.","publisher":{"@id":"https:\/\/evender.ee\/#organization"},"alternateName":"M\u00f6\u00f6blifurnituur","potentialAction":[{"@type":"SearchAction","target":{"@type":"EntryPoint","urlTemplate":"https:\/\/evender.ee\/?s={search_term_string}"},"query-input":{"@type":"PropertyValueSpecification","valueRequired":true,"valueName":"search_term_string"}}],"inLanguage":"en-GB"},{"@type":"Organization","@id":"https:\/\/evender.ee\/#organization","name":"Evender","alternateName":"Evender Nordic","url":"https:\/\/evender.ee\/","logo":{"@type":"ImageObject","inLanguage":"en-GB","@id":"https:\/\/evender.ee\/#\/schema\/logo\/image\/","url":"https:\/\/evender.ee\/wp-content\/uploads\/2025\/11\/LOGO-RUUT.png","contentUrl":"https:\/\/evender.ee\/wp-content\/uploads\/2025\/11\/LOGO-RUUT.png","width":250,"height":250,"caption":"Evender"},"image":{"@id":"https:\/\/evender.ee\/#\/schema\/logo\/image\/"},"sameAs":["https:\/\/www.facebook.com\/evendernordic"]}]}},"_links":{"self":[{"href":"https:\/\/evender.ee\/en\/wp-json\/wp\/v2\/pages\/21"}],"collection":[{"href":"https:\/\/evender.ee\/en\/wp-json\/wp\/v2\/pages"}],"about":[{"href":"https:\/\/evender.ee\/en\/wp-json\/wp\/v2\/types\/page"}],"author":[{"embeddable":true,"href":"https:\/\/evender.ee\/en\/wp-json\/wp\/v2\/users\/1"}],"replies":[{"embeddable":true,"href":"https:\/\/evender.ee\/en\/wp-json\/wp\/v2\/comments?post=21"}],"version-history":[{"count":17,"href":"https:\/\/evender.ee\/en\/wp-json\/wp\/v2\/pages\/21\/revisions"}],"predecessor-version":[{"id":32566,"href":"https:\/\/evender.ee\/en\/wp-json\/wp\/v2\/pages\/21\/revisions\/32566"}],"wp:attachment":[{"href":"https:\/\/evender.ee\/en\/wp-json\/wp\/v2\/media?parent=21"}],"curies":[{"name":"wp","href":"https:\/\/api.w.org\/{rel}","templated":true}]}}