{"id":5,"date":"2018-08-08T12:50:50","date_gmt":"2018-08-08T09:50:50","guid":{"rendered":"http:\/\/evender.ee\/\/ostukorv\/"},"modified":"2025-09-29T10:48:03","modified_gmt":"2025-09-29T07:48:03","slug":"shopping-basket","status":"publish","type":"page","link":"https:\/\/evender.ee\/en\/ostukorv\/","title":{"rendered":"Shopping basket"},"content":{"rendered":"","protected":false},"excerpt":{"rendered":"","protected":false},"author":1,"featured_media":0,"parent":0,"menu_order":0,"comment_status":"closed","ping_status":"closed","template":"","meta":{"footnotes":""},"yoast_head":"<!-- This site is optimized with the Yoast SEO plugin v23.9 - https:\/\/yoast.com\/wordpress\/plugins\/seo\/ -->\n<title>Ostukorv<\/title>\n<meta name=\"robots\" content=\"index, follow, max-snippet:-1, max-image-preview:large, max-video-preview:-1\" \/>\n<link rel=\"canonical\" href=\"https:\/\/www.evender.ee\/en\/shopping-basket\/\" \/>\n<meta property=\"og:locale\" content=\"en_GB\" \/>\n<meta property=\"og:type\" content=\"article\" \/>\n<meta property=\"og:title\" content=\"Ostukorv\" \/>\n<meta property=\"og:url\" content=\"https:\/\/www.evender.ee\/en\/shopping-basket\/\" \/>\n<meta property=\"og:site_name\" content=\"Evender\" \/>\n<meta property=\"article:publisher\" content=\"https:\/\/www.facebook.com\/evendernordic\" \/>\n<meta property=\"article:modified_time\" content=\"2025-09-29T07:48:03+00:00\" \/>\n<meta name=\"twitter:card\" content=\"summary_large_image\" \/>\n<meta name=\"twitter:label1\" content=\"Est. reading time\" \/>\n\t<meta name=\"twitter:data1\" content=\"1 minute\" \/>\n<script type=\"application\/ld+json\" class=\"yoast-schema-graph\">{\"@context\":\"https:\/\/schema.org\",\"@graph\":[{\"@type\":\"WebPage\",\"@id\":\"https:\/\/www.evender.ee\/en\/shopping-basket\/\",\"url\":\"https:\/\/www.evender.ee\/en\/shopping-basket\/\",\"name\":\"Ostukorv\",\"isPartOf\":{\"@id\":\"https:\/\/www.evender.ee\/en\/#website\"},\"datePublished\":\"2018-08-08T09:50:50+00:00\",\"dateModified\":\"2025-09-29T07:48:03+00:00\",\"breadcrumb\":{\"@id\":\"https:\/\/www.evender.ee\/en\/shopping-basket\/#breadcrumb\"},\"inLanguage\":\"en-GB\",\"potentialAction\":[{\"@type\":\"ReadAction\",\"target\":[\"https:\/\/www.evender.ee\/en\/shopping-basket\/\"]}]},{\"@type\":\"BreadcrumbList\",\"@id\":\"https:\/\/www.evender.ee\/en\/shopping-basket\/#breadcrumb\",\"itemListElement\":[{\"@type\":\"ListItem\",\"position\":1,\"name\":\"Home\",\"item\":\"https:\/\/www.evender.ee\/en\/\"},{\"@type\":\"ListItem\",\"position\":2,\"name\":\"Ostukorv\"}]},{\"@type\":\"WebSite\",\"@id\":\"https:\/\/www.evender.ee\/en\/#website\",\"url\":\"https:\/\/www.evender.ee\/en\/\",\"name\":\"Evender\",\"description\":\"Evender on usaldusv\u00e4\u00e4rne partner, kui otsid m\u00f6\u00f6blifurnituuri, m\u00f6\u00f6blitarvikuid, k\u00f6\u00f6gifurnituuri v\u00f5i garderoobitarvikuid. Meie e-poest ja m\u00fc\u00fcgisaalist leiad k\u00f5rgekvaliteedilised furnituurilahendused nii m\u00f6\u00f6blitootjatele, eritellimusm\u00f6\u00f6bli valmistajatele kui ka eraklientidele\",\"publisher\":{\"@id\":\"https:\/\/www.evender.ee\/en\/#organization\"},\"alternateName\":\"M\u00f6\u00f6blifurnituur\",\"potentialAction\":[{\"@type\":\"SearchAction\",\"target\":{\"@type\":\"EntryPoint\",\"urlTemplate\":\"https:\/\/www.evender.ee\/en\/?s={search_term_string}\"},\"query-input\":{\"@type\":\"PropertyValueSpecification\",\"valueRequired\":true,\"valueName\":\"search_term_string\"}}],\"inLanguage\":\"en-GB\"},{\"@type\":\"Organization\",\"@id\":\"https:\/\/www.evender.ee\/en\/#organization\",\"name\":\"Evender\",\"alternateName\":\"Evender Nordic\",\"url\":\"https:\/\/www.evender.ee\/en\/\",\"logo\":{\"@type\":\"ImageObject\",\"inLanguage\":\"en-GB\",\"@id\":\"https:\/\/www.evender.ee\/en\/#\/schema\/logo\/image\/\",\"url\":\"https:\/\/evender.ee\/wp-content\/uploads\/2025\/11\/LOGO-RUUT.png\",\"contentUrl\":\"https:\/\/evender.ee\/wp-content\/uploads\/2025\/11\/LOGO-RUUT.png\",\"width\":250,\"height\":250,\"caption\":\"Evender\"},\"image\":{\"@id\":\"https:\/\/www.evender.ee\/en\/#\/schema\/logo\/image\/\"},\"sameAs\":[\"https:\/\/www.facebook.com\/evendernordic\"]}]}<\/script>\n<!-- \/ Yoast SEO plugin. -->","yoast_head_json":{"title":"Shopping basket","robots":{"index":"index","follow":"follow","max-snippet":"max-snippet:-1","max-image-preview":"max-image-preview:large","max-video-preview":"max-video-preview:-1"},"canonical":"https:\/\/www.evender.ee\/en\/shopping-basket\/","og_locale":"en_GB","og_type":"article","og_title":"Ostukorv","og_url":"https:\/\/www.evender.ee\/en\/shopping-basket\/","og_site_name":"Evender","article_publisher":"https:\/\/www.facebook.com\/evendernordic","article_modified_time":"2025-09-29T07:48:03+00:00","twitter_card":"summary_large_image","twitter_misc":{"Est. reading time":"1 minute"},"schema":{"@context":"https:\/\/schema.org","@graph":[{"@type":"WebPage","@id":"https:\/\/www.evender.ee\/en\/shopping-basket\/","url":"https:\/\/www.evender.ee\/en\/shopping-basket\/","name":"Shopping basket","isPartOf":{"@id":"https:\/\/www.evender.ee\/en\/#website"},"datePublished":"2018-08-08T09:50:50+00:00","dateModified":"2025-09-29T07:48:03+00:00","breadcrumb":{"@id":"https:\/\/www.evender.ee\/en\/shopping-basket\/#breadcrumb"},"inLanguage":"en-GB","potentialAction":[{"@type":"ReadAction","target":["https:\/\/www.evender.ee\/en\/shopping-basket\/"]}]},{"@type":"BreadcrumbList","@id":"https:\/\/www.evender.ee\/en\/shopping-basket\/#breadcrumb","itemListElement":[{"@type":"ListItem","position":1,"name":"Home","item":"https:\/\/www.evender.ee\/en\/"},{"@type":"ListItem","position":2,"name":"Ostukorv"}]},{"@type":"WebSite","@id":"https:\/\/www.evender.ee\/en\/#website","url":"https:\/\/www.evender.ee\/en\/","name":"Evender","description":"Evender is your reliable partner when you are looking for furniture veneer, furniture accessories, kitchen veneer or wardrobe accessories. In our e-shop and showroom you will find high quality veneer solutions for furniture manufacturers, custom furniture makers and private customers.","publisher":{"@id":"https:\/\/www.evender.ee\/en\/#organization"},"alternateName":"M\u00f6\u00f6blifurnituur","potentialAction":[{"@type":"SearchAction","target":{"@type":"EntryPoint","urlTemplate":"https:\/\/www.evender.ee\/en\/?s={search_term_string}"},"query-input":{"@type":"PropertyValueSpecification","valueRequired":true,"valueName":"search_term_string"}}],"inLanguage":"en-GB"},{"@type":"Organization","@id":"https:\/\/www.evender.ee\/en\/#organization","name":"Evender","alternateName":"Evender Nordic","url":"https:\/\/www.evender.ee\/en\/","logo":{"@type":"ImageObject","inLanguage":"en-GB","@id":"https:\/\/www.evender.ee\/en\/#\/schema\/logo\/image\/","url":"https:\/\/evender.ee\/wp-content\/uploads\/2025\/11\/LOGO-RUUT.png","contentUrl":"https:\/\/evender.ee\/wp-content\/uploads\/2025\/11\/LOGO-RUUT.png","width":250,"height":250,"caption":"Evender"},"image":{"@id":"https:\/\/www.evender.ee\/en\/#\/schema\/logo\/image\/"},"sameAs":["https:\/\/www.facebook.com\/evendernordic"]}]}},"_links":{"self":[{"href":"https:\/\/evender.ee\/en\/wp-json\/wp\/v2\/pages\/5"}],"collection":[{"href":"https:\/\/evender.ee\/en\/wp-json\/wp\/v2\/pages"}],"about":[{"href":"https:\/\/evender.ee\/en\/wp-json\/wp\/v2\/types\/page"}],"author":[{"embeddable":true,"href":"https:\/\/evender.ee\/en\/wp-json\/wp\/v2\/users\/1"}],"replies":[{"embeddable":true,"href":"https:\/\/evender.ee\/en\/wp-json\/wp\/v2\/comments?post=5"}],"version-history":[{"count":1,"href":"https:\/\/evender.ee\/en\/wp-json\/wp\/v2\/pages\/5\/revisions"}],"predecessor-version":[{"id":29841,"href":"https:\/\/evender.ee\/en\/wp-json\/wp\/v2\/pages\/5\/revisions\/29841"}],"wp:attachment":[{"href":"https:\/\/evender.ee\/en\/wp-json\/wp\/v2\/media?parent=5"}],"curies":[{"name":"wp","href":"https:\/\/api.w.org\/{rel}","templated":true}]}}