{"id":8461,"date":"2021-02-02T17:41:30","date_gmt":"2021-02-02T15:41:30","guid":{"rendered":"https:\/\/evender.ee\/?page_id=8461"},"modified":"2021-02-02T17:41:32","modified_gmt":"2021-02-02T15:41:32","slug":"terms-and-conditions-of-privacy","status":"publish","type":"page","link":"https:\/\/evender.ee\/en\/privaatsustingimused\/","title":{"rendered":"Privacy Terms"},"content":{"rendered":"<p><strong>Processing of personal data<\/strong><\/p>\n<p>Online shop\u00a0<strong>www.evender.ee<\/strong>\u00a0The data controller is Evender Nordic O\u00dc (registration number 11035912), located at Tuleviku tee 2, Peetri village, 75312 Rae Municipality, Harjumaa, tel. 67 15 746 and email evender@evender.ee.<\/p>\n<p><strong>What personal data is processed:<\/strong><\/p>\n<ul>\n<li>name, phone number and email address;<\/li>\n<li>delivery address for goods;<\/li>\n<li>Bank account number;<\/li>\n<li>Cost of goods and services and payment-related data (purchase history);<\/li>\n<li>Customer data.<\/li>\n<\/ul>\n<p><strong>For what purpose is personal data processed<\/strong><\/p>\n<p>Personal data is used to manage customer orders and deliver goods.<br \/>Purchase history data (purchase date, item, quantity, customer details) is used to compile an overview of goods and services purchased and to analyse customer preferences.<br \/>The account number is used to refund payments to the customer.<br \/>Personal data such as e-mail address and phone number are processed to resolve issues related to the provision of goods and services (customer support).<br \/>Eesti keeles:\nVeebipoe kasutaja IP-aadressi v\u00f5i teisi v\u00f5rguidentifikaatoreid t\u00f6\u00f6deldakse veebipoe kui info\u00fchiskonna teenuse osutamiseks ning veebikasutusstatistika tegemiseks.\n\nInglise keeles (UK):\nThe user's IP address or other network identifiers are processed to provide the e-shop as an information society service and to create web usage statistics.<\/p>\n<p><strong>Legal basis<\/strong><br \/>Personal data processing is carried out for the purpose of fulfilling the contract concluded with the client. Personal data processing is carried out for the purpose of fulfilling a legal obligation (e.g. accounting and consumer dispute resolution).<\/p>\n<p><strong>Recipients to whom personal data are transmitted<\/strong><\/p>\n<p>Personal data will be provided to the online shop's customer support for the management of purchases and purchase history, and for resolving customer issues.<strong><br \/><\/strong>The name, phone number, and email address will be forwarded to the transport service provider chosen by the customer. If the item is delivered by courier, the customer's address will also be forwarded in addition to the contact details.<strong><br \/><\/strong>If the e-shop's accounting is carried out by a service provider, personal data will be transferred to the service provider for the purpose of carrying out accounting activities.<strong><br \/><\/strong>Personal data may be transferred to IT service providers when necessary to ensure the functionality of the online shop or data hosting.<strong><br \/><\/strong><\/p>\n<p><strong>Security and data access<\/strong><\/p>\n<p>Personal data is held on zone.ee servers located within the territory of a Member State of the European Union or a country affiliated with the European Economic Area. Data may be transferred to countries whose level of data protection has been assessed as adequate by the European Commission, and to US companies that have joined the Privacy Shield framework.<strong><br \/><\/strong>Access to personal data is available to online shop employees, who can view personal data in order to resolve technical issues related to the use of the online shop and to provide customer support services.<strong><br \/><\/strong>The online shop implements appropriate physical, organisational, and IT security measures to protect personal data from accidental or unlawful destruction, loss, alteration, or unauthorised access and disclosure.<strong><br \/><\/strong>The transfer of personal data to authorised processors of the online shop (e.g., transport service provider and data hosting) is carried out on the basis of agreements concluded between the online shop and the authorised processors. Authorised processors are obliged to ensure appropriate security measures when processing personal data.<\/p>\n<p><strong>Viewing and processing personal data<\/strong><\/p>\n<p>Personal data can be viewed and amended in the online shop's user profile. If a purchase was made without a user account, personal data can be accessed through customer support.<\/p>\n<p><strong>Withdrawal of consent<\/strong><\/p>\n<p>If personal data processing takes place on the basis of the client's consent, then the client has the right to withdraw their consent by informing customer support via email.<\/p>\n<p><strong>Storage<\/strong><\/p>\n<p>When a web shop customer account is closed, personal data will be deleted, unless such data needs to be retained for accounting purposes or for dispute resolution. If a purchase has been made in the web shop without a customer account, the purchase history will be retained for three years.<br \/>In the event of disputes related to payments and consumer disputes, personal data shall be retained until the claim is settled or the statute of limitations expires.<br \/>Personal data required for accounting is retained for seven years.<\/p>\n<p><strong>Deletion<\/strong><\/p>\n<p>To have your personal data deleted, you need to contact customer support via email. Your deletion request will be responded to no later than one month, and the period for data deletion will be specified.<\/p>\n<p><strong>Transfer<\/strong><\/p>\n<p>Requests for the transfer of personal data submitted via email will be answered within one month.<br \/>Customer support identifies the identity and informs about the personal data to be transferred.<\/p>\n<p><strong>Dispute resolution<\/strong><\/p>\n<p>Disputes relating to the processing of personal data are resolved through customer support: tel. 67 15 746 and e-mail evender@evender.ee. The supervisory authority is the Estonian Data Protection Inspectorate (info@aki.ee).<\/p>","protected":false},"excerpt":{"rendered":"<p>Isikuandmete t\u00f6\u00f6tlemine Veebipoe\u00a0www.evender.ee\u00a0isikuandmete vastutav t\u00f6\u00f6tleja on Evender Nordic O\u00dc (registrikood 11035912) asukohaga Tuleviku tee 2, Peetri alevik, 75312 Rae vald, Harjumaa, tel. 67 15\u00a0746 ja e-kiri evender@evender.ee. Milliseid isikuandmeid t\u00f6\u00f6deldakse: nimi, telefoninumber ja e-posti aadress; kauba kohaletoimetamise aadress; pangakonto number; kaupade ja teenuste maksumus ja maksetega seotud andmed (ostuajalugu); klienditoe andmed. Mis eesm\u00e4rgil isikuandmeid t\u00f6\u00f6deldakse [&#8230;]\n","protected":false},"author":3,"featured_media":0,"parent":0,"menu_order":0,"comment_status":"closed","ping_status":"closed","template":"","meta":{"footnotes":""},"yoast_head":"<!-- This site is optimized with the Yoast SEO plugin v23.9 - https:\/\/yoast.com\/wordpress\/plugins\/seo\/ -->\n<title>Privaatsustingimused | Evender<\/title>\n<meta name=\"robots\" content=\"index, follow, max-snippet:-1, max-image-preview:large, max-video-preview:-1\" \/>\n<link rel=\"canonical\" href=\"https:\/\/evender.ee\/en\/terms-and-conditions-of-privacy\/\" \/>\n<meta property=\"og:locale\" content=\"en_GB\" \/>\n<meta property=\"og:type\" content=\"article\" \/>\n<meta property=\"og:title\" content=\"Privaatsustingimused | Evender\" \/>\n<meta property=\"og:description\" content=\"Isikuandmete t\u00f6\u00f6tlemine Veebipoe\u00a0www.evender.ee\u00a0isikuandmete vastutav t\u00f6\u00f6tleja on Evender Nordic O\u00dc (registrikood 11035912) asukohaga Tuleviku tee 2, Peetri alevik, 75312 Rae vald, Harjumaa, tel. 67 15\u00a0746 ja e-kiri evender@evender.ee. Milliseid isikuandmeid t\u00f6\u00f6deldakse: nimi, telefoninumber ja e-posti aadress; kauba kohaletoimetamise aadress; pangakonto number; kaupade ja teenuste maksumus ja maksetega seotud andmed (ostuajalugu); klienditoe andmed. Mis eesm\u00e4rgil isikuandmeid t\u00f6\u00f6deldakse [...]\" \/>\n<meta property=\"og:url\" content=\"https:\/\/evender.ee\/en\/terms-and-conditions-of-privacy\/\" \/>\n<meta property=\"og:site_name\" content=\"Evender\" \/>\n<meta property=\"article:publisher\" content=\"https:\/\/www.facebook.com\/evendernordic\" \/>\n<meta property=\"article:modified_time\" content=\"2021-02-02T15:41:32+00:00\" \/>\n<meta name=\"twitter:card\" content=\"summary_large_image\" \/>\n<meta name=\"twitter:label1\" content=\"Est. reading time\" \/>\n\t<meta name=\"twitter:data1\" content=\"3 minutes\" \/>\n<script type=\"application\/ld+json\" class=\"yoast-schema-graph\">{\"@context\":\"https:\/\/schema.org\",\"@graph\":[{\"@type\":\"WebPage\",\"@id\":\"https:\/\/evender.ee\/privaatsustingimused\/\",\"url\":\"https:\/\/evender.ee\/privaatsustingimused\/\",\"name\":\"Privaatsustingimused | Evender\",\"isPartOf\":{\"@id\":\"https:\/\/www.evender.ee\/#website\"},\"datePublished\":\"2021-02-02T15:41:30+00:00\",\"dateModified\":\"2021-02-02T15:41:32+00:00\",\"breadcrumb\":{\"@id\":\"https:\/\/evender.ee\/privaatsustingimused\/#breadcrumb\"},\"inLanguage\":\"en-GB\",\"potentialAction\":[{\"@type\":\"ReadAction\",\"target\":[\"https:\/\/evender.ee\/privaatsustingimused\/\"]}]},{\"@type\":\"BreadcrumbList\",\"@id\":\"https:\/\/evender.ee\/privaatsustingimused\/#breadcrumb\",\"itemListElement\":[{\"@type\":\"ListItem\",\"position\":1,\"name\":\"Home\",\"item\":\"https:\/\/evender.ee\/\"},{\"@type\":\"ListItem\",\"position\":2,\"name\":\"Privaatsustingimused\"}]},{\"@type\":\"WebSite\",\"@id\":\"https:\/\/www.evender.ee\/#website\",\"url\":\"https:\/\/www.evender.ee\/\",\"name\":\"Evender\",\"description\":\"Evender on usaldusv\u00e4\u00e4rne partner, kui otsid m\u00f6\u00f6blifurnituuri, m\u00f6\u00f6blitarvikuid, k\u00f6\u00f6gifurnituuri v\u00f5i garderoobitarvikuid. Meie e-poest ja m\u00fc\u00fcgisaalist leiad k\u00f5rgekvaliteedilised furnituurilahendused nii m\u00f6\u00f6blitootjatele, eritellimusm\u00f6\u00f6bli valmistajatele kui ka eraklientidele\",\"publisher\":{\"@id\":\"https:\/\/www.evender.ee\/#organization\"},\"alternateName\":\"M\u00f6\u00f6blifurnituur\",\"potentialAction\":[{\"@type\":\"SearchAction\",\"target\":{\"@type\":\"EntryPoint\",\"urlTemplate\":\"https:\/\/www.evender.ee\/?s={search_term_string}\"},\"query-input\":{\"@type\":\"PropertyValueSpecification\",\"valueRequired\":true,\"valueName\":\"search_term_string\"}}],\"inLanguage\":\"en-GB\"},{\"@type\":\"Organization\",\"@id\":\"https:\/\/www.evender.ee\/#organization\",\"name\":\"Evender\",\"alternateName\":\"Evender Nordic\",\"url\":\"https:\/\/www.evender.ee\/\",\"logo\":{\"@type\":\"ImageObject\",\"inLanguage\":\"en-GB\",\"@id\":\"https:\/\/www.evender.ee\/#\/schema\/logo\/image\/\",\"url\":\"https:\/\/evender.ee\/wp-content\/uploads\/2025\/11\/LOGO-RUUT.png\",\"contentUrl\":\"https:\/\/evender.ee\/wp-content\/uploads\/2025\/11\/LOGO-RUUT.png\",\"width\":250,\"height\":250,\"caption\":\"Evender\"},\"image\":{\"@id\":\"https:\/\/www.evender.ee\/#\/schema\/logo\/image\/\"},\"sameAs\":[\"https:\/\/www.facebook.com\/evendernordic\"]}]}<\/script>\n<!-- \/ Yoast SEO plugin. -->","yoast_head_json":{"title":"Privacy Policy | Evender","robots":{"index":"index","follow":"follow","max-snippet":"max-snippet:-1","max-image-preview":"max-image-preview:large","max-video-preview":"max-video-preview:-1"},"canonical":"https:\/\/evender.ee\/en\/terms-and-conditions-of-privacy\/","og_locale":"en_GB","og_type":"article","og_title":"Privaatsustingimused | Evender","og_description":"Isikuandmete t\u00f6\u00f6tlemine Veebipoe\u00a0www.evender.ee\u00a0isikuandmete vastutav t\u00f6\u00f6tleja on Evender Nordic O\u00dc (registrikood 11035912) asukohaga Tuleviku tee 2, Peetri alevik, 75312 Rae vald, Harjumaa, tel. 67 15\u00a0746 ja e-kiri evender@evender.ee. Milliseid isikuandmeid t\u00f6\u00f6deldakse: nimi, telefoninumber ja e-posti aadress; kauba kohaletoimetamise aadress; pangakonto number; kaupade ja teenuste maksumus ja maksetega seotud andmed (ostuajalugu); klienditoe andmed. Mis eesm\u00e4rgil isikuandmeid t\u00f6\u00f6deldakse [...]","og_url":"https:\/\/evender.ee\/en\/terms-and-conditions-of-privacy\/","og_site_name":"Evender","article_publisher":"https:\/\/www.facebook.com\/evendernordic","article_modified_time":"2021-02-02T15:41:32+00:00","twitter_card":"summary_large_image","twitter_misc":{"Est. reading time":"3 minutes"},"schema":{"@context":"https:\/\/schema.org","@graph":[{"@type":"WebPage","@id":"https:\/\/evender.ee\/privaatsustingimused\/","url":"https:\/\/evender.ee\/privaatsustingimused\/","name":"Privacy Policy | Evender","isPartOf":{"@id":"https:\/\/www.evender.ee\/#website"},"datePublished":"2021-02-02T15:41:30+00:00","dateModified":"2021-02-02T15:41:32+00:00","breadcrumb":{"@id":"https:\/\/evender.ee\/privaatsustingimused\/#breadcrumb"},"inLanguage":"en-GB","potentialAction":[{"@type":"ReadAction","target":["https:\/\/evender.ee\/privaatsustingimused\/"]}]},{"@type":"BreadcrumbList","@id":"https:\/\/evender.ee\/privaatsustingimused\/#breadcrumb","itemListElement":[{"@type":"ListItem","position":1,"name":"Home","item":"https:\/\/evender.ee\/"},{"@type":"ListItem","position":2,"name":"Privaatsustingimused"}]},{"@type":"WebSite","@id":"https:\/\/www.evender.ee\/#website","url":"https:\/\/www.evender.ee\/","name":"Evender","description":"Evender is your reliable partner when you are looking for furniture veneer, furniture accessories, kitchen veneer or wardrobe accessories. In our e-shop and showroom you will find high quality veneer solutions for furniture manufacturers, custom furniture makers and private customers.","publisher":{"@id":"https:\/\/www.evender.ee\/#organization"},"alternateName":"M\u00f6\u00f6blifurnituur","potentialAction":[{"@type":"SearchAction","target":{"@type":"EntryPoint","urlTemplate":"https:\/\/www.evender.ee\/?s={search_term_string}"},"query-input":{"@type":"PropertyValueSpecification","valueRequired":true,"valueName":"search_term_string"}}],"inLanguage":"en-GB"},{"@type":"Organization","@id":"https:\/\/www.evender.ee\/#organization","name":"Evender","alternateName":"Evender Nordic","url":"https:\/\/www.evender.ee\/","logo":{"@type":"ImageObject","inLanguage":"en-GB","@id":"https:\/\/www.evender.ee\/#\/schema\/logo\/image\/","url":"https:\/\/evender.ee\/wp-content\/uploads\/2025\/11\/LOGO-RUUT.png","contentUrl":"https:\/\/evender.ee\/wp-content\/uploads\/2025\/11\/LOGO-RUUT.png","width":250,"height":250,"caption":"Evender"},"image":{"@id":"https:\/\/www.evender.ee\/#\/schema\/logo\/image\/"},"sameAs":["https:\/\/www.facebook.com\/evendernordic"]}]}},"_links":{"self":[{"href":"https:\/\/evender.ee\/en\/wp-json\/wp\/v2\/pages\/8461"}],"collection":[{"href":"https:\/\/evender.ee\/en\/wp-json\/wp\/v2\/pages"}],"about":[{"href":"https:\/\/evender.ee\/en\/wp-json\/wp\/v2\/types\/page"}],"author":[{"embeddable":true,"href":"https:\/\/evender.ee\/en\/wp-json\/wp\/v2\/users\/3"}],"replies":[{"embeddable":true,"href":"https:\/\/evender.ee\/en\/wp-json\/wp\/v2\/comments?post=8461"}],"version-history":[{"count":6,"href":"https:\/\/evender.ee\/en\/wp-json\/wp\/v2\/pages\/8461\/revisions"}],"predecessor-version":[{"id":8467,"href":"https:\/\/evender.ee\/en\/wp-json\/wp\/v2\/pages\/8461\/revisions\/8467"}],"wp:attachment":[{"href":"https:\/\/evender.ee\/en\/wp-json\/wp\/v2\/media?parent=8461"}],"curies":[{"name":"wp","href":"https:\/\/api.w.org\/{rel}","templated":true}]}}