{"id":8470,"date":"2021-02-02T17:54:22","date_gmt":"2021-02-02T15:54:22","guid":{"rendered":"https:\/\/evender.ee\/?page_id=8470"},"modified":"2021-02-02T17:56:29","modified_gmt":"2021-02-02T15:56:29","slug":"kupsiste-kasutamine","status":"publish","type":"page","link":"https:\/\/evender.ee\/en\/kupsiste-kasutamine\/","title":{"rendered":"Kupsiste kasutamine"},"content":{"rendered":"<p><strong>Cookies<\/strong><\/p>\n<p>See veebileht kasutab k\u00fcpsiseid (tuntud ka kui HTTP-k\u00fcpsis, inglise keeles cookie, HTTP cookie). K\u00fcpsis on v\u00e4ike tekstikujuline andmeplokk teie veebilehitsejas, mille veebileht saadab teie arvutis olevasse k\u00fcpsiste faili.<\/p>\n<p><strong>K\u00fcpsiseid on kahte t\u00fc\u00fcpi:<\/strong><\/p>\n<p><strong>Ajutised<\/strong>\u00a0ehk\u00a0<strong>seansi<\/strong>\u00a0k\u00fcpsised kustutab arvuti p\u00e4rast veebilehitseja sulgemist. Ajutisi k\u00fcpsiseid kasutatakse n\u00e4iteks v\u00f5rgulehe keelevaliku meeldej\u00e4tmiseks.<\/p>\n<p><strong>P\u00fcsik\u00fcpsised<\/strong>\u00a0salvestuvad kasutaja arvutisse p\u00e4rast veebilehitseja sulgemist. V\u00f5rgulehed kasutavad neid n\u00e4iteks kasutajanime ja parooli salvestamiseks nii, et kasutaja ei pea kindlat v\u00f5rgulehte k\u00fclastades iga kord sisse logima. P\u00fcsik\u00fcpsised v\u00f5ivad j\u00e4\u00e4da kasutaja arvutisse p\u00e4evadeks, kuudeks v\u00f5i isegi aastateks. T\u00e4psem info on leitav:\u00a0\u00a0<a href=\"https:\/\/www.aki.ee\/et\/kupsised\/\" data-saferedirecturl=\"https:\/\/www.google.com\/url?q=https:\/\/www.aki.ee\/et\/kupsised\/&amp;source=gmail&amp;ust=1559903670767000&amp;usg=AFQjCNGXraZjQpdez4jc4P4rG-jfbmsr-Q\">https:\/\/www.aki.ee\/et\/kupsised\/<\/a><\/p>\n<p>K\u00fcpsiste kuuluvuse vaates jagatakse k\u00fcpsised:<\/p>\n<p><strong>Autori<\/strong>\u00a0<strong>ehk esimese osapoole k\u00fcpsised<\/strong>, mis p\u00e4rinevad vaadatavalt v\u00f5rgulehelt ja v\u00f5ivad olla nii p\u00fcsivad kui ka ajutised. V\u00f5rgulehed v\u00f5ivad nende k\u00fcpsiste abil salvestada teavet, mida taaskasutatakse j\u00e4rgmisel korral, kui lehte k\u00fclastatakse. Isikuandmete t\u00f6\u00f6tlemise seisukohalt on esimese osapoole k\u00fcpsise paigaldajaks vastutav t\u00f6\u00f6tleja (v\u00f5i \u00fcksk\u00f5ik milline tema volitatud t\u00f6\u00f6tleja), kes haldab k\u00fclastatavat v\u00f5rgulehte.<\/p>\n<p><strong>Kolmandate osapoolte<\/strong>\u00a0<strong>k\u00fcpsised<\/strong>, mis p\u00e4rinevad n\u00e4iteks teiste v\u00f5rgulehtede reklaamidelt, mis asuvad kasutaja poolt k\u00fclastataval v\u00f5rgulehel. Isikuandmete t\u00f6\u00f6tlemise seisukohalt on kolmanda osapoole k\u00fcpsise paigaldajaks vastutav t\u00f6\u00f6tleja, kes erineb k\u00fclastatava v\u00f5rgulehe haldajast.<\/p>\n<p>K\u00fcpsiseid kasutatakse meie veebilehtedel, et pakkuda paremat kasutajakogemust. K\u00fcpsiste kasutamine annab meile kasutajastatistikat, mis v\u00f5imaldab meil m\u00f5\u00f5ta ja parandada meie veebilehe toimivust. Meie k\u00fcpsised v\u00f5ivad olla loodud erinevate teenusepakkujate poolt, kes aitavad meil oma veebiteenuseid edendada. Sellised pakkujad on n\u00e4iteks Google, Facebook jne.<\/p>\n<p>Arvutikasutaja v\u00f5ib rakendada ise ennetavaid meetmeid ning blokeerida veebilehitsejas k\u00f5ikide k\u00fcpsiste kasutamine ja edaspidise kasutuskogemuse p\u00f5hjal lubada k\u00fcpsised ainult nendele v\u00f5rgulehtedele, mida ta usaldab.<\/p>\n<p>Vajalike seadistuste tegemiseks palun muutke kasutatava seadme veebilehitseja seadistusi.<\/p>\n<p>K\u00e4esolevaid tingimusi v\u00f5idakse aeg-ajalt muuta ilma sellest ette teatamata, et kindlustada meie vastavus seadustele ja\/v\u00f5i k\u00fcpsiseid puudutavatele \u00fcldiselt tunnustatud tavadele.<\/p>","protected":false},"excerpt":{"rendered":"<p>K\u00fcpsiste kasutamine See veebileht kasutab k\u00fcpsiseid (tuntud ka kui HTTP-k\u00fcpsis, inglise keeles cookie, HTTP cookie). K\u00fcpsis on v\u00e4ike tekstikujuline andmeplokk teie veebilehitsejas, mille veebileht saadab teie arvutis olevasse k\u00fcpsiste faili. K\u00fcpsiseid on kahte t\u00fc\u00fcpi: Ajutised\u00a0ehk\u00a0seansi\u00a0k\u00fcpsised kustutab arvuti p\u00e4rast veebilehitseja sulgemist. Ajutisi k\u00fcpsiseid kasutatakse n\u00e4iteks v\u00f5rgulehe keelevaliku meeldej\u00e4tmiseks. P\u00fcsik\u00fcpsised\u00a0salvestuvad kasutaja arvutisse p\u00e4rast veebilehitseja sulgemist. V\u00f5rgulehed kasutavad [&#8230;]\n","protected":false},"author":3,"featured_media":0,"parent":0,"menu_order":0,"comment_status":"closed","ping_status":"closed","template":"","meta":{"footnotes":""},"yoast_head":"<!-- This site is optimized with the Yoast SEO plugin v23.9 - https:\/\/yoast.com\/wordpress\/plugins\/seo\/ -->\n<title>Kupsiste kasutamine | Evender<\/title>\n<meta name=\"robots\" content=\"index, follow, max-snippet:-1, max-image-preview:large, max-video-preview:-1\" \/>\n<link rel=\"canonical\" href=\"https:\/\/evender.ee\/en\/kupsiste-kasutamine\/\" \/>\n<meta property=\"og:locale\" content=\"en_GB\" \/>\n<meta property=\"og:type\" content=\"article\" \/>\n<meta property=\"og:title\" content=\"Kupsiste kasutamine | Evender\" \/>\n<meta property=\"og:description\" content=\"K\u00fcpsiste kasutamine See veebileht kasutab k\u00fcpsiseid (tuntud ka kui HTTP-k\u00fcpsis, inglise keeles cookie, HTTP cookie). K\u00fcpsis on v\u00e4ike tekstikujuline andmeplokk teie veebilehitsejas, mille veebileht saadab teie arvutis olevasse k\u00fcpsiste faili. K\u00fcpsiseid on kahte t\u00fc\u00fcpi: Ajutised\u00a0ehk\u00a0seansi\u00a0k\u00fcpsised kustutab arvuti p\u00e4rast veebilehitseja sulgemist. Ajutisi k\u00fcpsiseid kasutatakse n\u00e4iteks v\u00f5rgulehe keelevaliku meeldej\u00e4tmiseks. P\u00fcsik\u00fcpsised\u00a0salvestuvad kasutaja arvutisse p\u00e4rast veebilehitseja sulgemist. V\u00f5rgulehed kasutavad [...]\" \/>\n<meta property=\"og:url\" content=\"https:\/\/evender.ee\/en\/kupsiste-kasutamine\/\" \/>\n<meta property=\"og:site_name\" content=\"Evender\" \/>\n<meta property=\"article:publisher\" content=\"https:\/\/www.facebook.com\/evendernordic\" \/>\n<meta property=\"article:modified_time\" content=\"2021-02-02T15:56:29+00:00\" \/>\n<meta name=\"twitter:card\" content=\"summary_large_image\" \/>\n<meta name=\"twitter:label1\" content=\"Est. reading time\" \/>\n\t<meta name=\"twitter:data1\" content=\"2 minutes\" \/>\n<script type=\"application\/ld+json\" class=\"yoast-schema-graph\">{\"@context\":\"https:\/\/schema.org\",\"@graph\":[{\"@type\":\"WebPage\",\"@id\":\"https:\/\/evender.ee\/en\/kupsiste-kasutamine\/\",\"url\":\"https:\/\/evender.ee\/en\/kupsiste-kasutamine\/\",\"name\":\"Kupsiste kasutamine | Evender\",\"isPartOf\":{\"@id\":\"https:\/\/evender.ee\/#website\"},\"datePublished\":\"2021-02-02T15:54:22+00:00\",\"dateModified\":\"2021-02-02T15:56:29+00:00\",\"breadcrumb\":{\"@id\":\"https:\/\/evender.ee\/en\/kupsiste-kasutamine\/#breadcrumb\"},\"inLanguage\":\"en-GB\",\"potentialAction\":[{\"@type\":\"ReadAction\",\"target\":[\"https:\/\/evender.ee\/en\/kupsiste-kasutamine\/\"]}]},{\"@type\":\"BreadcrumbList\",\"@id\":\"https:\/\/evender.ee\/en\/kupsiste-kasutamine\/#breadcrumb\",\"itemListElement\":[{\"@type\":\"ListItem\",\"position\":1,\"name\":\"Home\",\"item\":\"https:\/\/evender.ee\/\"},{\"@type\":\"ListItem\",\"position\":2,\"name\":\"Kupsiste kasutamine\"}]},{\"@type\":\"WebSite\",\"@id\":\"https:\/\/evender.ee\/#website\",\"url\":\"https:\/\/evender.ee\/\",\"name\":\"Evender\",\"description\":\"Evender on usaldusv\u00e4\u00e4rne partner, kui otsid m\u00f6\u00f6blifurnituuri, m\u00f6\u00f6blitarvikuid, k\u00f6\u00f6gifurnituuri v\u00f5i garderoobitarvikuid. Meie e-poest ja m\u00fc\u00fcgisaalist leiad k\u00f5rgekvaliteedilised furnituurilahendused nii m\u00f6\u00f6blitootjatele, eritellimusm\u00f6\u00f6bli valmistajatele kui ka eraklientidele\",\"publisher\":{\"@id\":\"https:\/\/evender.ee\/#organization\"},\"alternateName\":\"M\u00f6\u00f6blifurnituur\",\"potentialAction\":[{\"@type\":\"SearchAction\",\"target\":{\"@type\":\"EntryPoint\",\"urlTemplate\":\"https:\/\/evender.ee\/?s={search_term_string}\"},\"query-input\":{\"@type\":\"PropertyValueSpecification\",\"valueRequired\":true,\"valueName\":\"search_term_string\"}}],\"inLanguage\":\"en-GB\"},{\"@type\":\"Organization\",\"@id\":\"https:\/\/evender.ee\/#organization\",\"name\":\"Evender\",\"alternateName\":\"Evender Nordic\",\"url\":\"https:\/\/evender.ee\/\",\"logo\":{\"@type\":\"ImageObject\",\"inLanguage\":\"en-GB\",\"@id\":\"https:\/\/evender.ee\/#\/schema\/logo\/image\/\",\"url\":\"https:\/\/evender.ee\/wp-content\/uploads\/2025\/11\/LOGO-RUUT.png\",\"contentUrl\":\"https:\/\/evender.ee\/wp-content\/uploads\/2025\/11\/LOGO-RUUT.png\",\"width\":250,\"height\":250,\"caption\":\"Evender\"},\"image\":{\"@id\":\"https:\/\/evender.ee\/#\/schema\/logo\/image\/\"},\"sameAs\":[\"https:\/\/www.facebook.com\/evendernordic\"]}]}<\/script>\n<!-- \/ Yoast SEO plugin. -->","yoast_head_json":{"title":"Kupsiste kasutamine | Evender","robots":{"index":"index","follow":"follow","max-snippet":"max-snippet:-1","max-image-preview":"max-image-preview:large","max-video-preview":"max-video-preview:-1"},"canonical":"https:\/\/evender.ee\/en\/kupsiste-kasutamine\/","og_locale":"en_GB","og_type":"article","og_title":"Kupsiste kasutamine | Evender","og_description":"K\u00fcpsiste kasutamine See veebileht kasutab k\u00fcpsiseid (tuntud ka kui HTTP-k\u00fcpsis, inglise keeles cookie, HTTP cookie). K\u00fcpsis on v\u00e4ike tekstikujuline andmeplokk teie veebilehitsejas, mille veebileht saadab teie arvutis olevasse k\u00fcpsiste faili. K\u00fcpsiseid on kahte t\u00fc\u00fcpi: Ajutised\u00a0ehk\u00a0seansi\u00a0k\u00fcpsised kustutab arvuti p\u00e4rast veebilehitseja sulgemist. Ajutisi k\u00fcpsiseid kasutatakse n\u00e4iteks v\u00f5rgulehe keelevaliku meeldej\u00e4tmiseks. P\u00fcsik\u00fcpsised\u00a0salvestuvad kasutaja arvutisse p\u00e4rast veebilehitseja sulgemist. V\u00f5rgulehed kasutavad [...]","og_url":"https:\/\/evender.ee\/en\/kupsiste-kasutamine\/","og_site_name":"Evender","article_publisher":"https:\/\/www.facebook.com\/evendernordic","article_modified_time":"2021-02-02T15:56:29+00:00","twitter_card":"summary_large_image","twitter_misc":{"Est. reading time":"2 minutes"},"schema":{"@context":"https:\/\/schema.org","@graph":[{"@type":"WebPage","@id":"https:\/\/evender.ee\/en\/kupsiste-kasutamine\/","url":"https:\/\/evender.ee\/en\/kupsiste-kasutamine\/","name":"Kupsiste kasutamine | Evender","isPartOf":{"@id":"https:\/\/evender.ee\/#website"},"datePublished":"2021-02-02T15:54:22+00:00","dateModified":"2021-02-02T15:56:29+00:00","breadcrumb":{"@id":"https:\/\/evender.ee\/en\/kupsiste-kasutamine\/#breadcrumb"},"inLanguage":"en-GB","potentialAction":[{"@type":"ReadAction","target":["https:\/\/evender.ee\/en\/kupsiste-kasutamine\/"]}]},{"@type":"BreadcrumbList","@id":"https:\/\/evender.ee\/en\/kupsiste-kasutamine\/#breadcrumb","itemListElement":[{"@type":"ListItem","position":1,"name":"Home","item":"https:\/\/evender.ee\/"},{"@type":"ListItem","position":2,"name":"Kupsiste kasutamine"}]},{"@type":"WebSite","@id":"https:\/\/evender.ee\/#website","url":"https:\/\/evender.ee\/","name":"Evender","description":"Evender is your reliable partner when you are looking for furniture veneer, furniture accessories, kitchen veneer or wardrobe accessories. In our e-shop and showroom you will find high quality veneer solutions for furniture manufacturers, custom furniture makers and private customers.","publisher":{"@id":"https:\/\/evender.ee\/#organization"},"alternateName":"M\u00f6\u00f6blifurnituur","potentialAction":[{"@type":"SearchAction","target":{"@type":"EntryPoint","urlTemplate":"https:\/\/evender.ee\/?s={search_term_string}"},"query-input":{"@type":"PropertyValueSpecification","valueRequired":true,"valueName":"search_term_string"}}],"inLanguage":"en-GB"},{"@type":"Organization","@id":"https:\/\/evender.ee\/#organization","name":"Evender","alternateName":"Evender Nordic","url":"https:\/\/evender.ee\/","logo":{"@type":"ImageObject","inLanguage":"en-GB","@id":"https:\/\/evender.ee\/#\/schema\/logo\/image\/","url":"https:\/\/evender.ee\/wp-content\/uploads\/2025\/11\/LOGO-RUUT.png","contentUrl":"https:\/\/evender.ee\/wp-content\/uploads\/2025\/11\/LOGO-RUUT.png","width":250,"height":250,"caption":"Evender"},"image":{"@id":"https:\/\/evender.ee\/#\/schema\/logo\/image\/"},"sameAs":["https:\/\/www.facebook.com\/evendernordic"]}]}},"_links":{"self":[{"href":"https:\/\/evender.ee\/en\/wp-json\/wp\/v2\/pages\/8470"}],"collection":[{"href":"https:\/\/evender.ee\/en\/wp-json\/wp\/v2\/pages"}],"about":[{"href":"https:\/\/evender.ee\/en\/wp-json\/wp\/v2\/types\/page"}],"author":[{"embeddable":true,"href":"https:\/\/evender.ee\/en\/wp-json\/wp\/v2\/users\/3"}],"replies":[{"embeddable":true,"href":"https:\/\/evender.ee\/en\/wp-json\/wp\/v2\/comments?post=8470"}],"version-history":[{"count":2,"href":"https:\/\/evender.ee\/en\/wp-json\/wp\/v2\/pages\/8470\/revisions"}],"predecessor-version":[{"id":8473,"href":"https:\/\/evender.ee\/en\/wp-json\/wp\/v2\/pages\/8470\/revisions\/8473"}],"wp:attachment":[{"href":"https:\/\/evender.ee\/en\/wp-json\/wp\/v2\/media?parent=8470"}],"curies":[{"name":"wp","href":"https:\/\/api.w.org\/{rel}","templated":true}]}}